{"id":17951,"date":"2020-09-10T23:09:06","date_gmt":"2020-09-11T02:09:06","guid":{"rendered":"https:\/\/centrodeexcelencia.org.br\/?page_id=17951"},"modified":"2024-10-10T19:10:17","modified_gmt":"2024-10-10T22:10:17","slug":"vagas","status":"publish","type":"page","link":"https:\/\/centrodeexcelencia.org.br\/en\/vagas\/","title":{"rendered":"Work With Us"},"content":{"rendered":"\t\t<div data-elementor-type=\"wp-page\" data-elementor-id=\"17951\" class=\"elementor elementor-17951\" data-elementor-post-type=\"page\">\n\t\t\t\t\t\t<section class=\"elementor-section elementor-top-section elementor-element elementor-element-2727626 elementor-section-boxed elementor-section-height-default elementor-section-height-default wpr-particle-no wpr-jarallax-no wpr-parallax-no wpr-sticky-section-no\" data-id=\"2727626\" data-element_type=\"section\">\n\t\t\t\t\t\t<div class=\"elementor-container elementor-column-gap-default\">\n\t\t\t\t\t<div class=\"elementor-column elementor-col-100 elementor-top-column elementor-element elementor-element-415a8b9\" data-id=\"415a8b9\" data-element_type=\"column\">\n\t\t\t<div class=\"elementor-widget-wrap elementor-element-populated\">\n\t\t\t\t\t\t<div class=\"elementor-element elementor-element-7719224 elementor-widget elementor-widget-image\" data-id=\"7719224\" data-element_type=\"widget\" data-widget_type=\"image.default\">\n\t\t\t\t<div class=\"elementor-widget-container\">\n\t\t\t\t\t\t\t\t\t\t\t\t\t\t<a href=\"#\">\n\t\t\t\t\t\t\t<img decoding=\"async\" width=\"2002\" height=\"20\" src=\"https:\/\/centrodeexcelencia.org.br\/wp-content\/uploads\/2020\/09\/barrinha.gif\" class=\"attachment-full size-full wp-image-17736\" alt=\"\" \/>\t\t\t\t\t\t\t\t<\/a>\n\t\t\t\t\t\t\t\t\t\t\t\t\t<\/div>\n\t\t\t\t<\/div>\n\t\t\t\t<div class=\"elementor-element elementor-element-d457876 elementor-widget elementor-widget-text-editor\" data-id=\"d457876\" data-element_type=\"widget\" data-widget_type=\"text-editor.default\">\n\t\t\t\t<div class=\"elementor-widget-container\">\n\t\t\t\t\t\t\t<p><img fetchpriority=\"high\" decoding=\"async\" class=\"aligncenter wp-image-18413 size-full\" style=\"margin: 0;\" src=\"https:\/\/centrodeexcelencia.org.br\/wp-content\/uploads\/2020\/09\/opportunities.jpg\" alt=\"\" width=\"1026\" height=\"1011\" srcset=\"https:\/\/centrodeexcelencia.org.br\/wp-content\/uploads\/2020\/09\/opportunities.jpg 1026w, https:\/\/centrodeexcelencia.org.br\/wp-content\/uploads\/2020\/09\/opportunities-254x250.jpg 254w, https:\/\/centrodeexcelencia.org.br\/wp-content\/uploads\/2020\/09\/opportunities-1024x1009.jpg 1024w, https:\/\/centrodeexcelencia.org.br\/wp-content\/uploads\/2020\/09\/opportunities-768x757.jpg 768w, https:\/\/centrodeexcelencia.org.br\/wp-content\/uploads\/2020\/09\/opportunities-600x591.jpg 600w, https:\/\/centrodeexcelencia.org.br\/wp-content\/uploads\/2020\/09\/opportunities-100x100.jpg 100w\" sizes=\"(max-width: 1026px) 100vw, 1026px\" \/><\/p><p><\/p>\t\t\t\t\t\t<\/div>\n\t\t\t\t<\/div>\n\t\t\t\t\t<\/div>\n\t\t<\/div>\n\t\t\t\t\t<\/div>\n\t\t<\/section>\n\t\t\t\t<section class=\"elementor-section elementor-top-section elementor-element elementor-element-4eb85a8 elementor-section-boxed elementor-section-height-default elementor-section-height-default wpr-particle-no wpr-jarallax-no wpr-parallax-no wpr-sticky-section-no\" data-id=\"4eb85a8\" data-element_type=\"section\">\n\t\t\t\t\t\t<div class=\"elementor-container elementor-column-gap-default\">\n\t\t\t\t\t<div class=\"elementor-column elementor-col-100 elementor-top-column elementor-element elementor-element-5cf8d96\" data-id=\"5cf8d96\" data-element_type=\"column\">\n\t\t\t<div class=\"elementor-widget-wrap elementor-element-populated\">\n\t\t\t\t\t\t<section class=\"elementor-section elementor-inner-section elementor-element elementor-element-0c71e6e elementor-section-boxed elementor-section-height-default elementor-section-height-default wpr-particle-no wpr-jarallax-no wpr-parallax-no wpr-sticky-section-no\" data-id=\"0c71e6e\" data-element_type=\"section\">\n\t\t\t\t\t\t<div class=\"elementor-container elementor-column-gap-default\">\n\t\t\t\t\t<div class=\"elementor-column elementor-col-100 elementor-inner-column elementor-element elementor-element-e1bd419\" data-id=\"e1bd419\" data-element_type=\"column\">\n\t\t\t<div class=\"elementor-widget-wrap elementor-element-populated\">\n\t\t\t\t\t\t<div class=\"elementor-element elementor-element-eabe600 teste elementor-widget elementor-widget-heading\" data-id=\"eabe600\" data-element_type=\"widget\" data-widget_type=\"heading.default\">\n\t\t\t\t<div class=\"elementor-widget-container\">\n\t\t\t<h4 class=\"elementor-heading-title elementor-size-default\">OPEN VACANCIES<\/h4>\t\t<\/div>\n\t\t\t\t<\/div>\n\t\t\t\t<div class=\"elementor-element elementor-element-933f4b3 elementor-widget-divider--view-line elementor-widget elementor-widget-divider\" data-id=\"933f4b3\" data-element_type=\"widget\" data-widget_type=\"divider.default\">\n\t\t\t\t<div class=\"elementor-widget-container\">\n\t\t\t\t\t<div class=\"elementor-divider\">\n\t\t\t<span class=\"elementor-divider-separator\">\n\t\t\t\t\t\t<\/span>\n\t\t<\/div>\n\t\t\t\t<\/div>\n\t\t\t\t<\/div>\n\t\t\t\t\t<\/div>\n\t\t<\/div>\n\t\t\t\t\t<\/div>\n\t\t<\/section>\n\t\t\t\t<div class=\"elementor-element elementor-element-f7adf28 elementor-widget elementor-widget-text-editor\" data-id=\"f7adf28\" data-element_type=\"widget\" data-widget_type=\"text-editor.default\">\n\t\t\t\t<div class=\"elementor-widget-container\">\n\t\t\t\t\t\t\t<p><\/p><p><\/p><p>Consultancy for technical support in sustainable food systems of the Beyond Cotton Project. Deadline: 26\/03\/2023<\/p><p><a href=\"https:\/\/centrodeexcelencia.org.br\/wp-content\/uploads\/2023\/03\/VA-desenvolvimento-agronomico-para-o-algodao_mar23.pdf\">Click here to see Terms of Reference.<\/a> <\/p>\t\t\t\t\t\t<\/div>\n\t\t\t\t<\/div>\n\t\t\t\t\t<\/div>\n\t\t<\/div>\n\t\t\t\t\t<\/div>\n\t\t<\/section>\n\t\t\t\t<section class=\"elementor-section elementor-top-section elementor-element elementor-element-70b3c8e elementor-section-boxed elementor-section-height-default elementor-section-height-default wpr-particle-no wpr-jarallax-no wpr-parallax-no wpr-sticky-section-no\" data-id=\"70b3c8e\" data-element_type=\"section\">\n\t\t\t\t\t\t<div class=\"elementor-container elementor-column-gap-default\">\n\t\t\t\t\t<div class=\"elementor-column elementor-col-100 elementor-top-column elementor-element elementor-element-33b6c78\" data-id=\"33b6c78\" data-element_type=\"column\">\n\t\t\t<div class=\"elementor-widget-wrap elementor-element-populated\">\n\t\t\t\t\t\t<section class=\"elementor-section elementor-inner-section elementor-element elementor-element-2ed9aad elementor-section-boxed elementor-section-height-default elementor-section-height-default wpr-particle-no wpr-jarallax-no wpr-parallax-no wpr-sticky-section-no\" data-id=\"2ed9aad\" data-element_type=\"section\">\n\t\t\t\t\t\t<div class=\"elementor-container elementor-column-gap-default\">\n\t\t\t\t\t<div class=\"elementor-column elementor-col-100 elementor-inner-column elementor-element elementor-element-f05537d\" data-id=\"f05537d\" data-element_type=\"column\">\n\t\t\t<div class=\"elementor-widget-wrap elementor-element-populated\">\n\t\t\t\t\t\t<div class=\"elementor-element elementor-element-edb1da6 teste elementor-widget elementor-widget-heading\" data-id=\"edb1da6\" data-element_type=\"widget\" data-widget_type=\"heading.default\">\n\t\t\t\t<div class=\"elementor-widget-container\">\n\t\t\t<h4 class=\"elementor-heading-title elementor-size-default\">PAST VACANCIES<span style=\"font-family: Helvetica, sans-serif;letter-spacing: 0px\"><\/span><br><\/h4>\t\t<\/div>\n\t\t\t\t<\/div>\n\t\t\t\t<div class=\"elementor-element elementor-element-b314f95 elementor-widget-divider--view-line elementor-widget elementor-widget-divider\" data-id=\"b314f95\" data-element_type=\"widget\" data-widget_type=\"divider.default\">\n\t\t\t\t<div class=\"elementor-widget-container\">\n\t\t\t\t\t<div class=\"elementor-divider\">\n\t\t\t<span class=\"elementor-divider-separator\">\n\t\t\t\t\t\t<\/span>\n\t\t<\/div>\n\t\t\t\t<\/div>\n\t\t\t\t<\/div>\n\t\t\t\t\t<\/div>\n\t\t<\/div>\n\t\t\t\t\t<\/div>\n\t\t<\/section>\n\t\t\t\t<div class=\"elementor-element elementor-element-482cf02 elementor-widget elementor-widget-text-editor\" data-id=\"482cf02\" data-element_type=\"widget\" data-widget_type=\"text-editor.default\">\n\t\t\t\t<div class=\"elementor-widget-container\">\n\t\t\t\t\t\t\t<p><\/p><p><strong>Coordenador\/a de Projetos<\/strong>. Deadline: 22\/04\/2021<\/p><p><a href=\"https:\/\/centrodeexcelencia.org.br\/wp-content\/uploads\/2021\/04\/VA-Coordenador_a-de-Projeto-nutricao-e-algodao-2021_final.pdf\" target=\"_blank\" rel=\"noopener\">Click here to see Terms of Reference.<\/a><\/p><p><\/p><p><strong>Communications Intern<\/strong>. Deadline: 21\/03\/2021<\/p><p><a href=\"https:\/\/centrodeexcelencia.org.br\/wp-content\/uploads\/2021\/02\/VA-Comunications-Intern_final.pdf\" target=\"_blank\" rel=\"noopener\">Click here to see Terms of Reference.<\/a><\/p><p><\/p><p><\/p><p><strong>Consultancy: Video production and editing for the Virtual Study Visit<\/strong>. Deadline: 07\/03\/2021.<\/p><p><a href=\"https:\/\/centrodeexcelencia.org.br\/wp-content\/uploads\/2021\/03\/VA-videos-visita-de-estudos-virtual.pdf\" target=\"_blank\" rel=\"noopener\">Click here to see Terms of Reference.<\/a><\/p><p><strong>Assistant Project Officer<\/strong>. Deadline: 28\/02\/2021<\/p><p><a href=\"https:\/\/centrodeexcelencia.org.br\/wp-content\/uploads\/2021\/02\/VA_Assistant-Project-Officer_final.pdf\" target=\"_blank\" rel=\"noopener\">Click here to see terms of reference.<\/a>\u00a0<\/p><div class=\"conteudo\"><p><strong>Finance and Admin Associate<\/strong>. Deadline: 16\/02\/2021<\/p><\/div><p><a href=\"https:\/\/centrodeexcelencia.org.br\/wp-content\/uploads\/2021\/02\/VA-Finance-and-Administration-Associate-SC_2021_Feb2021.pdf\" target=\"_blank\" rel=\"noopener\">Click here to see Terms of Reference<\/a>.<\/p><p><strong>Translator and Administrative Assistant<\/strong>. Deadline: 17\/02\/2021<\/p><p><a href=\"https:\/\/centrodeexcelencia.org.br\/wp-content\/uploads\/2021\/02\/VA-Translator-and-Administrative-Assistant_SC_final.pdf\" target=\"_blank\" rel=\"noopener\">Click here to see Terms of Reference<\/a>.<\/p><p><\/p><div class=\"conteudo\"><p><strong>Finance and Admin Assistant. <\/strong>Deadline 30\/11\/2020.<\/p><p><a href=\"https:\/\/centrodeexcelencia.org.br\/wp-content\/uploads\/2020\/11\/VA-Finance-and-Administrative-Assistant-SSA_2020-1.pdf\">Clique aqui para ver detalhes da vaga.<\/a><\/p><\/div><p><strong>Digital Design Asistant<\/strong>. Deadline 02\/11\/2020<\/p><p><a href=\"https:\/\/centrodeexcelencia.org.br\/wp-content\/uploads\/2020\/11\/VA-Digital-Design-Assistant_SC_2021-1.pdf\">Clique aqui para ver detalhes da vaga.<\/a><\/p><p><\/p><div class=\"conteudo\"><p><strong>Finance and Admin Assistant. <\/strong>Deadline 30\/11\/2020.<\/p><p><a href=\"https:\/\/centrodeexcelencia.org.br\/wp-content\/uploads\/2020\/11\/VA-Finance-and-Administrative-Assistant-SSA_2020-1.pdf\">Click here to see Terms of Reference.<\/a><\/p><\/div><p><strong>Digital Design Asistant<\/strong>. Deadline 02\/11\/2020<\/p><p><a href=\"https:\/\/centrodeexcelencia.org.br\/wp-content\/uploads\/2020\/11\/VA-Digital-Design-Assistant_SC_2021-1.pdf\">Click here to see Terms of Reference.<\/a><\/p><p><\/p><div class=\"conteudo\"><p><strong>Expressions of interest.\u00a0<\/strong>Deadline 21\/09\/2020.<\/p><p>Interested in developing your career and at the same time contribute to the fight against hunger? The World Food Programme Regional Office for Latin America is creating a pool of pre-assessed, multilingual consultants to shorten the time to select candidates for critical positions in the region.<\/p><p>Deadline for expressions of interest: 21\/09<\/p><p>Here are the areas:<\/p><p><a href=\"https:\/\/bit.ly\/3k8Y0Tz\" target=\"_blank\" rel=\"noopener noreferrer\">Social Protection Officer<\/a><\/p><p><a href=\"https:\/\/bit.ly\/3bPKKQT\" target=\"_blank\" rel=\"noopener noreferrer\">Vulnerability Analysis &amp; Monitoring (VAM) Officer<\/a><\/p><p><a href=\"https:\/\/bit.ly\/3bNI0mS\" target=\"_blank\" rel=\"noopener noreferrer\">Cash-Based Transfers (CBT) Officer<\/a><\/p><p><a href=\"https:\/\/bit.ly\/3bN1EQ5\" target=\"_blank\" rel=\"noopener noreferrer\">Programme and Policy Officer<\/a><\/p><p><a href=\"https:\/\/bit.ly\/3hshMI8\" target=\"_blank\" rel=\"noopener noreferrer\">Emergency and Preparedness Response Officer (EPR)<\/a><\/p><p><a href=\"https:\/\/bit.ly\/2FlMcyd\" target=\"_blank\" rel=\"noopener noreferrer\">Logistics Officer<\/a><\/p><p><a href=\"https:\/\/bit.ly\/3hgN3gN\" target=\"_blank\" rel=\"noopener noreferrer\">Food Technologist Officer<\/a><\/p><p><a href=\"https:\/\/bit.ly\/3imeZ4f\" target=\"_blank\" rel=\"noopener noreferrer\">Procurement Officer<\/a><\/p><\/div><p><\/p><div class=\"conteudo\"><p><strong>Consultant\u00a0 \u2013 Policy Brief sobre estrat\u00e9gias para a preven\u00e7\u00e3o e o controle da obesidade infantil.\u00a0<\/strong>Deadline: 23\/08\/2020<\/p><p><a href=\"https:\/\/centrodeexcelencia.org.br\/wp-content\/uploads\/2020\/08\/VA_Consultor-Policy-Brief_WFP_revis%C3%A3o-CGAN-e-ABC.pdf\">Clique aqui para ver detalhes da vaga.<\/a><\/p><p><strong>Communications Officer \u2013 17\/05\/2020<\/strong><\/p><p><a href=\"https:\/\/centrodeexcelencia.org.br\/wp-content\/uploads\/2020\/04\/VA-Communications-Officer-SC_2020.pdf\" target=\"_blank\" rel=\"noopener noreferrer\">Clique aqui para ver detalhes da vaga<\/a><\/p><p><strong>Assistant Programme Policy Officer (2 vagas) \u2013 19\/04\/2020<\/strong><\/p><p><a href=\"https:\/\/centrodeexcelencia.org.br\/wp-content\/uploads\/2020\/04\/VA-Assistant-Programme-Officer-SC.pdf\">Clique aqui para ver detalhes da vaga<\/a><\/p><p><strong>IT Operations Associate \u2013 22\/03\/2020<\/strong><\/p><p><a href=\"https:\/\/centrodeexcelencia.org.br\/wp-content\/uploads\/2020\/03\/2020_VA_IT-Operations-Associate.pdf\">Clique aqui para ver detalhes da vaga<\/a><\/p><p><strong>Consultor Boa Pr\u00e1tica de Compras Institucionais de Algod\u00e3o e Alimentos \u2013 05\/03\/2020<\/strong><\/p><p><a href=\"https:\/\/centrodeexcelencia.org.br\/wp-content\/uploads\/2020\/02\/ToR_BoasPr%C3%A1ticas_COMPRAS-Institucionais-Algodao-e-Alimentos.pdf\">Clique aqui para ver detalhes da vaga<\/a><\/p><p><strong>Communications Consultant \u2013 08\/08\/2019<\/strong><\/p><p><a href=\"http:\/\/centrodeexcelencia.org.br\/wp-content\/uploads\/2019\/04\/2019_VA_CommunicationsConsultant.pdf\">Clique aqui para ver detalhes da vaga<\/a><\/p><p><strong>Web Developer Voluntary Assistant \u2013 06\/05\/2019<\/strong><\/p><p><a href=\"http:\/\/centrodeexcelencia.org.br\/wp-content\/uploads\/2019\/04\/VA_Webdev_Intern_PT_repost.pdf\">Clique aqui para ver detalhes da vaga<\/a><\/p><p><strong>Tradutor Volunt\u00e1rio \u2013 Espanhol \u2013 16\/04\/2019<\/strong><\/p><p><a href=\"http:\/\/centrodeexcelencia.org.br\/wp-content\/uploads\/2019\/04\/VA-Translator-Voluntary-Assistant-Spanish-16.04.2019.pdf\">Clique aqui para ver detalhes da vaga<\/a><\/p><p><strong>Tradutor Volunt\u00e1rio \u2013 Franc\u00eas \u2013 16\/04\/2019<\/strong><\/p><p><a href=\"http:\/\/centrodeexcelencia.org.br\/wp-content\/uploads\/2019\/04\/VA-Translator-Voluntary-Assistant-French-16.04.2019-1.pdf\">Clique aqui para ver detalhes da vaga<\/a><\/p><\/div><p><\/p><div class=\"conteudo\"><p><strong>Consultant\u00a0 \u2013 Policy Brief sobre estrat\u00e9gias para a preven\u00e7\u00e3o e o controle da obesidade infantil.\u00a0<\/strong>Deadline: 23\/08\/2020<\/p><p><a href=\"https:\/\/centrodeexcelencia.org.br\/wp-content\/uploads\/2020\/08\/VA_Consultor-Policy-Brief_WFP_revis%C3%A3o-CGAN-e-ABC.pdf\">Click here to see the Terms of Reference.<\/a><\/p><p><strong>Communications Officer \u2013 17\/05\/2020<\/strong><\/p><p><a href=\"https:\/\/centrodeexcelencia.org.br\/wp-content\/uploads\/2020\/04\/VA-Communications-Officer-SC_2020.pdf\" target=\"_blank\" rel=\"noopener noreferrer\">Click here to see Terms of Reference<\/a><\/p><p><strong>Assistant Programme Policy Officer (2 positions) \u2013 19\/04\/2020<\/strong><\/p><p><a href=\"https:\/\/centrodeexcelencia.org.br\/wp-content\/uploads\/2020\/04\/VA-Assistant-Programme-Officer-SC.pdf\">Click here to see Terms of Reference<\/a><\/p><p><strong>IT Operations Associate \u2013 22\/03\/2020<\/strong><\/p><p><a href=\"https:\/\/centrodeexcelencia.org.br\/wp-content\/uploads\/2020\/03\/2020_VA_IT-Operations-Associate.pdf\">Click here to see the Terms of Reference<\/a><\/p><p><strong>Consultant for Good Practice in Institutional Purchasing of Food and Cotton \u2013 05\/03\/2020<\/strong><\/p><p><a href=\"https:\/\/centrodeexcelencia.org.br\/wp-content\/uploads\/2020\/02\/ToR_BoasPr%C3%A1ticas_COMPRAS-Institucionais-Algodao-e-Alimentos.pdf\">Click here to see the Terms of Reference<\/a><\/p><p><strong>Communications Consultant \u2013 08\/08\/2019<\/strong><\/p><p><a href=\"http:\/\/centrodeexcelencia.org.br\/wp-content\/uploads\/2019\/04\/2019_VA_CommunicationsConsultant.pdf\">Click here to see the Terms of Reference<\/a><\/p><p><strong>Web Developer Voluntary Assistant \u2013 06\/05\/2019<\/strong><\/p><p><a href=\"http:\/\/centrodeexcelencia.org.br\/wp-content\/uploads\/2019\/04\/VA_Webdev_Voluntary_Assistant_EN.pdf\">Click here to see the Terms of Reference<\/a><\/p><p><strong>Translator Voluntary Assistant \u2013 Spanish \u2013 16\/04\/2019<\/strong><\/p><p><a href=\"http:\/\/centrodeexcelencia.org.br\/wp-content\/uploads\/2019\/04\/VA-Translator-Voluntary-Assistant-Spanish-16.04.2019.pdf\">Click here to see the Terms of Reference<\/a><\/p><p><strong>Translator Voluntary Assistant \u2013 French \u2013 16\/04\/2019<\/strong><\/p><p><a href=\"http:\/\/centrodeexcelencia.org.br\/wp-content\/uploads\/2019\/04\/VA-Translator-Voluntary-Assistant-French-16.04.2019-1.pdf\">Click here to see the Terms of Reference<\/a><\/p><\/div><p><\/p>\t\t\t\t\t\t<\/div>\n\t\t\t\t<\/div>\n\t\t\t\t\t<\/div>\n\t\t<\/div>\n\t\t\t\t\t<\/div>\n\t\t<\/section>\n\t\t\t\t<\/div>\n\t\t","protected":false},"excerpt":{"rendered":"<p>OPEN VACANCIES Consultancy for technical support in sustainable food systems&hellip;<\/p>\n<p> <a class=\"more-link\" href=\"https:\/\/centrodeexcelencia.org.br\/en\/vagas\/\">Read more<\/a><\/p>\n","protected":false},"author":1,"featured_media":17952,"parent":0,"menu_order":0,"comment_status":"closed","ping_status":"closed","template":"elementor_header_footer","meta":{"_monsterinsights_skip_tracking":false,"_monsterinsights_sitenote_active":false,"_monsterinsights_sitenote_note":"","_monsterinsights_sitenote_category":0,"footnotes":""},"class_list":["post-17951","page","type-page","status-publish","has-post-thumbnail"],"yoast_head":"<!-- This site is optimized with the Yoast SEO plugin v27.3 - https:\/\/yoast.com\/product\/yoast-seo-wordpress\/ -->\n<title>Work With Us - WFP<\/title>\n<meta name=\"robots\" content=\"index, follow, max-snippet:-1, max-image-preview:large, max-video-preview:-1\" \/>\n<link rel=\"canonical\" href=\"https:\/\/centrodeexcelencia.org.br\/vagas\/\" \/>\n<meta property=\"og:locale\" content=\"en_US\" \/>\n<meta property=\"og:type\" content=\"article\" \/>\n<meta property=\"og:title\" content=\"Work With Us - WFP\" \/>\n<meta property=\"og:description\" content=\"OPEN VACANCIES Consultancy for technical support in sustainable food systems&hellip;  Read more\" \/>\n<meta property=\"og:url\" content=\"https:\/\/centrodeexcelencia.org.br\/vagas\/\" \/>\n<meta property=\"og:site_name\" content=\"WFP\" \/>\n<meta property=\"article:modified_time\" content=\"2024-10-10T22:10:17+00:00\" \/>\n<meta property=\"og:image\" content=\"http:\/\/centrodeexcelencia.org.br\/wp-content\/uploads\/2020\/09\/imagemSobre.jpg\" \/>\n\t<meta property=\"og:image:width\" content=\"2173\" \/>\n\t<meta property=\"og:image:height\" content=\"827\" \/>\n\t<meta property=\"og:image:type\" content=\"image\/jpeg\" \/>\n<meta name=\"twitter:card\" content=\"summary_large_image\" \/>\n<meta name=\"twitter:label1\" content=\"Est. reading time\" \/>\n\t<meta name=\"twitter:data1\" content=\"4 minutes\" \/>\n<script type=\"application\/ld+json\" class=\"yoast-schema-graph\">{\"@context\":\"https:\\\/\\\/schema.org\",\"@graph\":[{\"@type\":\"WebPage\",\"@id\":\"https:\\\/\\\/centrodeexcelencia.org.br\\\/vagas\\\/\",\"url\":\"https:\\\/\\\/centrodeexcelencia.org.br\\\/vagas\\\/\",\"name\":\"Work With Us - WFP\",\"isPartOf\":{\"@id\":\"https:\\\/\\\/centrodeexcelencia.org.br\\\/#website\"},\"primaryImageOfPage\":{\"@id\":\"https:\\\/\\\/centrodeexcelencia.org.br\\\/vagas\\\/#primaryimage\"},\"image\":{\"@id\":\"https:\\\/\\\/centrodeexcelencia.org.br\\\/vagas\\\/#primaryimage\"},\"thumbnailUrl\":\"https:\\\/\\\/centrodeexcelencia.org.br\\\/wp-content\\\/uploads\\\/2020\\\/09\\\/imagemSobre.jpg\",\"datePublished\":\"2020-09-11T02:09:06+00:00\",\"dateModified\":\"2024-10-10T22:10:17+00:00\",\"breadcrumb\":{\"@id\":\"https:\\\/\\\/centrodeexcelencia.org.br\\\/vagas\\\/#breadcrumb\"},\"inLanguage\":\"en-US\",\"potentialAction\":[{\"@type\":\"ReadAction\",\"target\":[\"https:\\\/\\\/centrodeexcelencia.org.br\\\/vagas\\\/\"]}]},{\"@type\":\"ImageObject\",\"inLanguage\":\"en-US\",\"@id\":\"https:\\\/\\\/centrodeexcelencia.org.br\\\/vagas\\\/#primaryimage\",\"url\":\"https:\\\/\\\/centrodeexcelencia.org.br\\\/wp-content\\\/uploads\\\/2020\\\/09\\\/imagemSobre.jpg\",\"contentUrl\":\"https:\\\/\\\/centrodeexcelencia.org.br\\\/wp-content\\\/uploads\\\/2020\\\/09\\\/imagemSobre.jpg\",\"width\":2173,\"height\":827},{\"@type\":\"BreadcrumbList\",\"@id\":\"https:\\\/\\\/centrodeexcelencia.org.br\\\/vagas\\\/#breadcrumb\",\"itemListElement\":[{\"@type\":\"ListItem\",\"position\":1,\"name\":\"In\u00edcio\",\"item\":\"https:\\\/\\\/centrodeexcelencia.org.br\\\/\"},{\"@type\":\"ListItem\",\"position\":2,\"name\":\"Trabalhe Conosco\"}]},{\"@type\":\"WebSite\",\"@id\":\"https:\\\/\\\/centrodeexcelencia.org.br\\\/#website\",\"url\":\"https:\\\/\\\/centrodeexcelencia.org.br\\\/\",\"name\":\"WFP\",\"description\":\"Centre of Excellence against Hunger\",\"publisher\":{\"@id\":\"https:\\\/\\\/centrodeexcelencia.org.br\\\/#organization\"},\"potentialAction\":[{\"@type\":\"SearchAction\",\"target\":{\"@type\":\"EntryPoint\",\"urlTemplate\":\"https:\\\/\\\/centrodeexcelencia.org.br\\\/?s={search_term_string}\"},\"query-input\":{\"@type\":\"PropertyValueSpecification\",\"valueRequired\":true,\"valueName\":\"search_term_string\"}}],\"inLanguage\":\"en-US\"},{\"@type\":\"Organization\",\"@id\":\"https:\\\/\\\/centrodeexcelencia.org.br\\\/#organization\",\"name\":\"WFP\",\"url\":\"https:\\\/\\\/centrodeexcelencia.org.br\\\/\",\"logo\":{\"@type\":\"ImageObject\",\"inLanguage\":\"en-US\",\"@id\":\"https:\\\/\\\/centrodeexcelencia.org.br\\\/#\\\/schema\\\/logo\\\/image\\\/\",\"url\":\"https:\\\/\\\/centrodeexcelencia.org.br\\\/wp-content\\\/uploads\\\/2026\\\/01\\\/Sem-titulo-1_Prancheta-1-1.png\",\"contentUrl\":\"https:\\\/\\\/centrodeexcelencia.org.br\\\/wp-content\\\/uploads\\\/2026\\\/01\\\/Sem-titulo-1_Prancheta-1-1.png\",\"width\":259,\"height\":395,\"caption\":\"WFP\"},\"image\":{\"@id\":\"https:\\\/\\\/centrodeexcelencia.org.br\\\/#\\\/schema\\\/logo\\\/image\\\/\"}}]}<\/script>\n<!-- \/ Yoast SEO plugin. -->","yoast_head_json":{"title":"Work With Us - WFP","robots":{"index":"index","follow":"follow","max-snippet":"max-snippet:-1","max-image-preview":"max-image-preview:large","max-video-preview":"max-video-preview:-1"},"canonical":"https:\/\/centrodeexcelencia.org.br\/vagas\/","og_locale":"en_US","og_type":"article","og_title":"Work With Us - WFP","og_description":"OPEN VACANCIES Consultancy for technical support in sustainable food systems&hellip;  Read more","og_url":"https:\/\/centrodeexcelencia.org.br\/vagas\/","og_site_name":"WFP","article_modified_time":"2024-10-10T22:10:17+00:00","og_image":[{"width":2173,"height":827,"url":"http:\/\/centrodeexcelencia.org.br\/wp-content\/uploads\/2020\/09\/imagemSobre.jpg","type":"image\/jpeg"}],"twitter_card":"summary_large_image","twitter_misc":{"Est. reading time":"4 minutes"},"schema":{"@context":"https:\/\/schema.org","@graph":[{"@type":"WebPage","@id":"https:\/\/centrodeexcelencia.org.br\/vagas\/","url":"https:\/\/centrodeexcelencia.org.br\/vagas\/","name":"Work With Us - WFP","isPartOf":{"@id":"https:\/\/centrodeexcelencia.org.br\/#website"},"primaryImageOfPage":{"@id":"https:\/\/centrodeexcelencia.org.br\/vagas\/#primaryimage"},"image":{"@id":"https:\/\/centrodeexcelencia.org.br\/vagas\/#primaryimage"},"thumbnailUrl":"https:\/\/centrodeexcelencia.org.br\/wp-content\/uploads\/2020\/09\/imagemSobre.jpg","datePublished":"2020-09-11T02:09:06+00:00","dateModified":"2024-10-10T22:10:17+00:00","breadcrumb":{"@id":"https:\/\/centrodeexcelencia.org.br\/vagas\/#breadcrumb"},"inLanguage":"en-US","potentialAction":[{"@type":"ReadAction","target":["https:\/\/centrodeexcelencia.org.br\/vagas\/"]}]},{"@type":"ImageObject","inLanguage":"en-US","@id":"https:\/\/centrodeexcelencia.org.br\/vagas\/#primaryimage","url":"https:\/\/centrodeexcelencia.org.br\/wp-content\/uploads\/2020\/09\/imagemSobre.jpg","contentUrl":"https:\/\/centrodeexcelencia.org.br\/wp-content\/uploads\/2020\/09\/imagemSobre.jpg","width":2173,"height":827},{"@type":"BreadcrumbList","@id":"https:\/\/centrodeexcelencia.org.br\/vagas\/#breadcrumb","itemListElement":[{"@type":"ListItem","position":1,"name":"In\u00edcio","item":"https:\/\/centrodeexcelencia.org.br\/"},{"@type":"ListItem","position":2,"name":"Trabalhe Conosco"}]},{"@type":"WebSite","@id":"https:\/\/centrodeexcelencia.org.br\/#website","url":"https:\/\/centrodeexcelencia.org.br\/","name":"WFP","description":"Centre of Excellence against Hunger","publisher":{"@id":"https:\/\/centrodeexcelencia.org.br\/#organization"},"potentialAction":[{"@type":"SearchAction","target":{"@type":"EntryPoint","urlTemplate":"https:\/\/centrodeexcelencia.org.br\/?s={search_term_string}"},"query-input":{"@type":"PropertyValueSpecification","valueRequired":true,"valueName":"search_term_string"}}],"inLanguage":"en-US"},{"@type":"Organization","@id":"https:\/\/centrodeexcelencia.org.br\/#organization","name":"WFP","url":"https:\/\/centrodeexcelencia.org.br\/","logo":{"@type":"ImageObject","inLanguage":"en-US","@id":"https:\/\/centrodeexcelencia.org.br\/#\/schema\/logo\/image\/","url":"https:\/\/centrodeexcelencia.org.br\/wp-content\/uploads\/2026\/01\/Sem-titulo-1_Prancheta-1-1.png","contentUrl":"https:\/\/centrodeexcelencia.org.br\/wp-content\/uploads\/2026\/01\/Sem-titulo-1_Prancheta-1-1.png","width":259,"height":395,"caption":"WFP"},"image":{"@id":"https:\/\/centrodeexcelencia.org.br\/#\/schema\/logo\/image\/"}}]}},"_links":{"self":[{"href":"https:\/\/centrodeexcelencia.org.br\/en\/wp-json\/wp\/v2\/pages\/17951","targetHints":{"allow":["GET"]}}],"collection":[{"href":"https:\/\/centrodeexcelencia.org.br\/en\/wp-json\/wp\/v2\/pages"}],"about":[{"href":"https:\/\/centrodeexcelencia.org.br\/en\/wp-json\/wp\/v2\/types\/page"}],"author":[{"embeddable":true,"href":"https:\/\/centrodeexcelencia.org.br\/en\/wp-json\/wp\/v2\/users\/1"}],"replies":[{"embeddable":true,"href":"https:\/\/centrodeexcelencia.org.br\/en\/wp-json\/wp\/v2\/comments?post=17951"}],"version-history":[{"count":0,"href":"https:\/\/centrodeexcelencia.org.br\/en\/wp-json\/wp\/v2\/pages\/17951\/revisions"}],"wp:featuredmedia":[{"embeddable":true,"href":"https:\/\/centrodeexcelencia.org.br\/en\/wp-json\/wp\/v2\/media\/17952"}],"wp:attachment":[{"href":"https:\/\/centrodeexcelencia.org.br\/en\/wp-json\/wp\/v2\/media?parent=17951"}],"curies":[{"name":"wp","href":"https:\/\/api.w.org\/{rel}","templated":true}]}}